{"id":277,"date":"2016-11-26T18:23:12","date_gmt":"2016-11-26T17:23:12","guid":{"rendered":"http:\/\/www.grossebeilage.de\/?page_id=277"},"modified":"2022-11-10T10:36:36","modified_gmt":"2022-11-10T10:36:36","slug":"links","status":"publish","type":"page","link":"https:\/\/www.grossebeilage.de\/index.php\/links\/","title":{"rendered":"Links"},"content":{"rendered":"<p><span style=\"font-size: 16px;\"><strong>Weiterleitungen auf andere Internetseiten<\/strong><\/span><br \/>\n<span style=\"font-size: 16px;\">Im Internet stehen jede Menge Informationen, von denen aber nicht jeder die f\u00fcr ihn interessanten sofort findet. Dem Grundsatz &#8222;es ist zwar schon alles gesagt, aber noch nicht von mir&#8220; werden wir an dieser Stelle nicht folgen und bieten Ihnen stattdessen interessante Links zur Weiterleitung. Eine Haftung f\u00fcr die Inhalte der Seiten ist nat\u00fcrlich ausgeschlossen.<\/span><\/p>\n<p><span style=\"font-size: 16px;\"><strong>&#8222;SwinErgis&#8220; <\/strong>&#8211; Das Effizienzsystem f\u00fcr erfolgreiche Schweineproduktion<br \/>\n<\/span><span style=\"font-size: 16px;\">Die Schweineproduktion steht aktuell vor gro\u00dfen Herausforderungen. In atemberaubendem Tempo gehen Ver\u00e4nderungen vor sich, die durch gesellschaftliche Anspr\u00fcche einerseits und wirtschaftliche Zw\u00e4nge andererseits getrieben sind. Praxisnahe und nachhaltige L\u00f6sungen sind gefragt. <a href=\"http:\/\/www.swinergis.de\">www.swinergis.de<\/a><\/span><\/p>\n","protected":false},"excerpt":{"rendered":"<p>Weiterleitungen auf andere Internetseiten Im Internet stehen jede Menge Informationen, von denen aber nicht jeder die f\u00fcr ihn interessanten sofort findet. Dem Grundsatz &#8222;es ist zwar schon alles gesagt, aber noch nicht von mir&#8220; werden wir an dieser Stelle nicht folgen und bieten Ihnen stattdessen interessante Links zur Weiterleitung. Eine Haftung f\u00fcr die Inhalte der &hellip; <\/p>\n<p class=\"link-more\"><a href=\"https:\/\/www.grossebeilage.de\/index.php\/links\/\" class=\"more-link\">Continue reading<span class=\"screen-reader-text\"> &#8222;Links&#8220;<\/span><\/a><\/p>\n","protected":false},"author":1,"featured_media":0,"parent":0,"menu_order":0,"comment_status":"closed","ping_status":"closed","template":"","meta":{"footnotes":""},"class_list":["post-277","page","type-page","status-publish","hentry"],"_links":{"self":[{"href":"https:\/\/www.grossebeilage.de\/index.php\/wp-json\/wp\/v2\/pages\/277","targetHints":{"allow":["GET"]}}],"collection":[{"href":"https:\/\/www.grossebeilage.de\/index.php\/wp-json\/wp\/v2\/pages"}],"about":[{"href":"https:\/\/www.grossebeilage.de\/index.php\/wp-json\/wp\/v2\/types\/page"}],"author":[{"embeddable":true,"href":"https:\/\/www.grossebeilage.de\/index.php\/wp-json\/wp\/v2\/users\/1"}],"replies":[{"embeddable":true,"href":"https:\/\/www.grossebeilage.de\/index.php\/wp-json\/wp\/v2\/comments?post=277"}],"version-history":[{"count":1,"href":"https:\/\/www.grossebeilage.de\/index.php\/wp-json\/wp\/v2\/pages\/277\/revisions"}],"predecessor-version":[{"id":473,"href":"https:\/\/www.grossebeilage.de\/index.php\/wp-json\/wp\/v2\/pages\/277\/revisions\/473"}],"wp:attachment":[{"href":"https:\/\/www.grossebeilage.de\/index.php\/wp-json\/wp\/v2\/media?parent=277"}],"curies":[{"name":"wp","href":"https:\/\/api.w.org\/{rel}","templated":true}]}}